{"id":150,"date":"2017-01-08T15:04:59","date_gmt":"2017-01-08T14:04:59","guid":{"rendered":"http:\/\/www.madi.at\/moon3\/?page_id=150"},"modified":"2017-01-08T15:48:22","modified_gmt":"2017-01-08T14:48:22","slug":"veranstaltungen","status":"publish","type":"page","link":"http:\/\/www.moonfire.at\/?page_id=150","title":{"rendered":"Unsere Veranstaltungen"},"content":{"rendered":"<p>Da wir immer wieder Veranstaltungen machen, hier einige Bilder und Infos dar\u00fcber:<\/p>\n<h2 style=\"text-align: center;\"><strong>ADVENTLICHTER 2015 &amp; 2016 &#8211;<br \/>\nBENEFIZKONZERT f\u00fcr den Schwarzataler Social Club (SSC)<\/strong><\/h2>\n<p>In die Wartmannstettner Marien Dankes Kirche\u00a0haben wir\u00a0&#8211; das\u00a0DUO MOONFIRE, Rosemarie und Martin Dientl, und unsere Freunde Doris Scherz, Marius Kodym, Gottfried Prinz und G\u00fcnther Schneider sehr viele Menschen 2015 und 2016\u00a0 zu einem begeisternden Konzert namens &#8222;ADVENTLICHTER&#8220; eingeladen. Wir wollten eine\u00a0Veranstaltung der ganz besonderen Art\u00a0machen, abseits jeglichen Jingle-Bells-Kaufhaus-Klischees und die Kirche war in beiden Jahren bis auf den letzten Platz gef\u00fcllt. 2016 haben wir am Veranstaltungstag auch die gleichnamige CD &#8222;ADVENTLICHTER&#8220;, welche wir im Jahr 2016 produziert haben, vorgestellt.<\/p>\n<p><img decoding=\"async\" loading=\"lazy\" class=\"size-medium wp-image-179 aligncenter\" src=\"http:\/\/www.madi.at\/moon3\/wp-content\/uploads\/2017\/01\/Adventlichter-CD-2016-290x300.jpg\" alt=\"adventlichter-cd-2016\" width=\"290\" height=\"300\" srcset=\"http:\/\/www.moonfire.at\/wp-content\/uploads\/2017\/01\/Adventlichter-CD-2016-290x300.jpg 290w, http:\/\/www.moonfire.at\/wp-content\/uploads\/2017\/01\/Adventlichter-CD-2016-768x794.jpg 768w, http:\/\/www.moonfire.at\/wp-content\/uploads\/2017\/01\/Adventlichter-CD-2016-991x1024.jpg 991w\" sizes=\"(max-width: 290px) 100vw, 290px\" \/><\/p>\n<div id=\"slot_articlewidget\" class=\"bannerslot-centered\">Wenn es bei einer adventlichen Feier bereits vor der Pause Standing Ovations gibt, muss es aber wirklich auch etwas Au\u00dfergew\u00f6hnliches gewesen sein und wir danken allen, die unsere Konzerte besucht haben, aufs herzlichste.<\/div>\n<p>In teilweise eigenwilliger Instrumentierung mit &#8222;Monochord&#8220; und dem Steeldrum-\u00e4hnlichen Instrument &#8222;Hang&#8220; kombiniert mit Gitarren, Djembe, Cajon und Piano, in minimalistischen, aber \u00e4u\u00dferst interessanten Arrangements, eingebunden in die gef\u00fchlvolle Moderation von G\u00fcnther Schneider, bildeten Publikum und Musiker eingetaucht in herrliches, farbtrunkenes Ambiente der illuminierten Kirche und samtig-vollem, glasklarem Klangerlebnis eine einzige Einheit.<\/p>\n<p>Martin Dientl, MADI.AT EVENTTECHNIK, war an diesem Tag f\u00fcr Sound und Lichtdesign verantwortlich und gab den Menschen in der Kirche einen Moment, der zum Tr\u00e4umen anregte. Die Bilder seht ihr unterhalb.<\/p>\n<p>Eines der vielen Highlights 2016\u00a0war der 22 j\u00e4hrige Marius Kodym, der beeindruckend virtuos auf dem exotischen Instrument Hang zwei Eigenkompositionen zum Besten gab und damit alle in seinen Bann zog. Wir danken ihm daf\u00fcr, dass er uns so gro\u00dfartig unterst\u00fctzt hat.<\/p>\n<p>Der bekannte H\u00f6fleiner Liedermacher Gottfried Prinz spannte mit seinen Eigenkompositionen 2015 und 2016 einen lyrischen Bogen \u00fcber die teils zart interpretierten, bekannten und weniger bekannten weihnachtlichen Lieder und die teils urgewaltig, emotionalen Gospels und MOONFIRE Songs und so wird diese wirklich gelungene Darbietung wohl ein nachhaltiges und tiefgehendes Gesamtereignis bleiben.<\/p>\n<p>In der Pause versorgten 2015 die &#8222;Harmonies Dancers&#8220; und 2016 der &#8222;Schwarzataler Social Club, Monika Radax, Cafe Fredo und Erich Baci&#8220; unsere G\u00e4ste mit den verschiedensten K\u00f6stlichkeiten.<\/p>\n<p>Die Spenden, welche wir zu diesen 2 Konzerten eingenommen haben, haben unsere Vorstellungen gewaltig \u00fcbertroffen.<br \/>\nWir danken allen Spendern, dass sie den Schwarzataler Social Club so gro\u00dfartig unterst\u00fctzt haben und das unser BENEFIZKONZERT so gro\u00dfartig durch die Bev\u00f6lkerung angenommen wurde.<\/p>\n<p>Alle, denen es nicht m\u00f6glich war, unsere Veranstaltungen zu besuchen, haben noch immer die M\u00f6glichkeit,\u00a0unsere CD ADVENTLICHTER zum Preis von 12 \u20ac zu erwerben. Ist zwar eine Weihnachts-CD, doch\u00a0Weihnachten\u00a0kommt ja anscheinend immer wieder. \ud83d\ude42<\/p>\n<p>Hier noch einige Bilder unseres lieben Freundes Christian Allabauer:<\/p>\n<p><img decoding=\"async\" loading=\"lazy\" class=\"size-medium wp-image-153 aligncenter\" src=\"http:\/\/www.madi.at\/moon3\/wp-content\/uploads\/2017\/01\/DSC1093-300x199.jpg\" alt=\"_dsc1093\" width=\"300\" height=\"199\" srcset=\"http:\/\/www.moonfire.at\/wp-content\/uploads\/2017\/01\/DSC1093-300x199.jpg 300w, http:\/\/www.moonfire.at\/wp-content\/uploads\/2017\/01\/DSC1093-768x510.jpg 768w, http:\/\/www.moonfire.at\/wp-content\/uploads\/2017\/01\/DSC1093-1024x680.jpg 1024w\" sizes=\"(max-width: 300px) 100vw, 300px\" \/> <img decoding=\"async\" loading=\"lazy\" class=\"size-medium wp-image-154 aligncenter\" src=\"http:\/\/www.madi.at\/moon3\/wp-content\/uploads\/2017\/01\/DSC1153-300x199.jpg\" alt=\"_dsc1153\" width=\"300\" height=\"199\" srcset=\"http:\/\/www.moonfire.at\/wp-content\/uploads\/2017\/01\/DSC1153-300x199.jpg 300w, http:\/\/www.moonfire.at\/wp-content\/uploads\/2017\/01\/DSC1153-768x510.jpg 768w, http:\/\/www.moonfire.at\/wp-content\/uploads\/2017\/01\/DSC1153-1024x680.jpg 1024w\" sizes=\"(max-width: 300px) 100vw, 300px\" \/> <img decoding=\"async\" loading=\"lazy\" class=\"size-medium wp-image-152 aligncenter\" src=\"http:\/\/www.madi.at\/moon3\/wp-content\/uploads\/2017\/01\/DSC1073-300x199.jpg\" alt=\"_dsc1073\" width=\"300\" height=\"199\" srcset=\"http:\/\/www.moonfire.at\/wp-content\/uploads\/2017\/01\/DSC1073-300x199.jpg 300w, http:\/\/www.moonfire.at\/wp-content\/uploads\/2017\/01\/DSC1073-768x510.jpg 768w, http:\/\/www.moonfire.at\/wp-content\/uploads\/2017\/01\/DSC1073-1024x680.jpg 1024w\" sizes=\"(max-width: 300px) 100vw, 300px\" \/> <img decoding=\"async\" loading=\"lazy\" class=\"size-medium wp-image-151 aligncenter\" src=\"http:\/\/www.madi.at\/moon3\/wp-content\/uploads\/2017\/01\/DSC1057-300x199.jpg\" alt=\"_dsc1057\" width=\"300\" height=\"199\" srcset=\"http:\/\/www.moonfire.at\/wp-content\/uploads\/2017\/01\/DSC1057-300x199.jpg 300w, http:\/\/www.moonfire.at\/wp-content\/uploads\/2017\/01\/DSC1057-768x510.jpg 768w, http:\/\/www.moonfire.at\/wp-content\/uploads\/2017\/01\/DSC1057-1024x680.jpg 1024w\" sizes=\"(max-width: 300px) 100vw, 300px\" \/> <img decoding=\"async\" loading=\"lazy\" class=\"size-medium wp-image-157 aligncenter\" src=\"http:\/\/www.madi.at\/moon3\/wp-content\/uploads\/2017\/01\/DSC1243-300x199.jpg\" alt=\"_dsc1243\" width=\"300\" height=\"199\" srcset=\"http:\/\/www.moonfire.at\/wp-content\/uploads\/2017\/01\/DSC1243-300x199.jpg 300w, http:\/\/www.moonfire.at\/wp-content\/uploads\/2017\/01\/DSC1243-768x510.jpg 768w, http:\/\/www.moonfire.at\/wp-content\/uploads\/2017\/01\/DSC1243-1024x680.jpg 1024w\" sizes=\"(max-width: 300px) 100vw, 300px\" \/> <img decoding=\"async\" loading=\"lazy\" class=\"size-medium wp-image-156 aligncenter\" src=\"http:\/\/www.madi.at\/moon3\/wp-content\/uploads\/2017\/01\/DSC1193-300x199.jpg\" alt=\"_dsc1193\" width=\"300\" height=\"199\" srcset=\"http:\/\/www.moonfire.at\/wp-content\/uploads\/2017\/01\/DSC1193-300x199.jpg 300w, http:\/\/www.moonfire.at\/wp-content\/uploads\/2017\/01\/DSC1193-768x510.jpg 768w, http:\/\/www.moonfire.at\/wp-content\/uploads\/2017\/01\/DSC1193-1024x680.jpg 1024w\" sizes=\"(max-width: 300px) 100vw, 300px\" \/> <img decoding=\"async\" loading=\"lazy\" class=\"size-medium wp-image-155 aligncenter\" src=\"http:\/\/www.madi.at\/moon3\/wp-content\/uploads\/2017\/01\/DSC1163-300x199.jpg\" alt=\"_dsc1163\" width=\"300\" height=\"199\" srcset=\"http:\/\/www.moonfire.at\/wp-content\/uploads\/2017\/01\/DSC1163-300x199.jpg 300w, http:\/\/www.moonfire.at\/wp-content\/uploads\/2017\/01\/DSC1163-768x510.jpg 768w, http:\/\/www.moonfire.at\/wp-content\/uploads\/2017\/01\/DSC1163-1024x680.jpg 1024w\" sizes=\"(max-width: 300px) 100vw, 300px\" \/> <img decoding=\"async\" loading=\"lazy\" class=\"size-medium wp-image-159 aligncenter\" src=\"http:\/\/www.madi.at\/moon3\/wp-content\/uploads\/2017\/01\/DSC1352-300x199.jpg\" alt=\"_dsc1352\" width=\"300\" height=\"199\" srcset=\"http:\/\/www.moonfire.at\/wp-content\/uploads\/2017\/01\/DSC1352-300x199.jpg 300w, http:\/\/www.moonfire.at\/wp-content\/uploads\/2017\/01\/DSC1352-768x510.jpg 768w, http:\/\/www.moonfire.at\/wp-content\/uploads\/2017\/01\/DSC1352-1024x680.jpg 1024w\" sizes=\"(max-width: 300px) 100vw, 300px\" \/>\u00a0 <img decoding=\"async\" loading=\"lazy\" class=\"size-medium wp-image-165 aligncenter\" src=\"http:\/\/www.madi.at\/moon3\/wp-content\/uploads\/2017\/01\/DSC_8402_mittel-300x199.jpg\" alt=\"dsc_8402_mittel\" width=\"300\" height=\"199\" srcset=\"http:\/\/www.moonfire.at\/wp-content\/uploads\/2017\/01\/DSC_8402_mittel-300x199.jpg 300w, http:\/\/www.moonfire.at\/wp-content\/uploads\/2017\/01\/DSC_8402_mittel-768x509.jpg 768w, http:\/\/www.moonfire.at\/wp-content\/uploads\/2017\/01\/DSC_8402_mittel.jpg 1024w\" sizes=\"(max-width: 300px) 100vw, 300px\" \/>\u00a0<img decoding=\"async\" loading=\"lazy\" class=\"size-medium wp-image-158 aligncenter\" src=\"http:\/\/www.madi.at\/moon3\/wp-content\/uploads\/2017\/01\/DSC1258-300x199.jpg\" alt=\"_dsc1258\" width=\"300\" height=\"199\" srcset=\"http:\/\/www.moonfire.at\/wp-content\/uploads\/2017\/01\/DSC1258-300x199.jpg 300w, http:\/\/www.moonfire.at\/wp-content\/uploads\/2017\/01\/DSC1258-768x510.jpg 768w, http:\/\/www.moonfire.at\/wp-content\/uploads\/2017\/01\/DSC1258-1024x680.jpg 1024w\" sizes=\"(max-width: 300px) 100vw, 300px\" \/><br \/>\n<img decoding=\"async\" loading=\"lazy\" class=\"size-medium wp-image-166 aligncenter\" src=\"http:\/\/www.madi.at\/moon3\/wp-content\/uploads\/2017\/01\/DSC_8408_mittel-300x199.jpg\" alt=\"dsc_8408_mittel\" width=\"300\" height=\"199\" srcset=\"http:\/\/www.moonfire.at\/wp-content\/uploads\/2017\/01\/DSC_8408_mittel-300x199.jpg 300w, http:\/\/www.moonfire.at\/wp-content\/uploads\/2017\/01\/DSC_8408_mittel-768x509.jpg 768w, http:\/\/www.moonfire.at\/wp-content\/uploads\/2017\/01\/DSC_8408_mittel.jpg 1024w\" sizes=\"(max-width: 300px) 100vw, 300px\" \/>\u00a0<img decoding=\"async\" loading=\"lazy\" class=\"size-medium wp-image-171 aligncenter\" src=\"http:\/\/www.madi.at\/moon3\/wp-content\/uploads\/2017\/01\/DSC_8436_mittel-300x199.jpg\" alt=\"dsc_8436_mittel\" width=\"300\" height=\"199\" srcset=\"http:\/\/www.moonfire.at\/wp-content\/uploads\/2017\/01\/DSC_8436_mittel-300x199.jpg 300w, http:\/\/www.moonfire.at\/wp-content\/uploads\/2017\/01\/DSC_8436_mittel-768x509.jpg 768w, http:\/\/www.moonfire.at\/wp-content\/uploads\/2017\/01\/DSC_8436_mittel.jpg 1024w\" sizes=\"(max-width: 300px) 100vw, 300px\" \/> <img decoding=\"async\" loading=\"lazy\" class=\"size-medium wp-image-170 aligncenter\" src=\"http:\/\/www.madi.at\/moon3\/wp-content\/uploads\/2017\/01\/DSC_8432_mittel-300x199.jpg\" alt=\"dsc_8432_mittel\" width=\"300\" height=\"199\" srcset=\"http:\/\/www.moonfire.at\/wp-content\/uploads\/2017\/01\/DSC_8432_mittel-300x199.jpg 300w, http:\/\/www.moonfire.at\/wp-content\/uploads\/2017\/01\/DSC_8432_mittel-768x509.jpg 768w, http:\/\/www.moonfire.at\/wp-content\/uploads\/2017\/01\/DSC_8432_mittel.jpg 1024w\" sizes=\"(max-width: 300px) 100vw, 300px\" \/> <img decoding=\"async\" loading=\"lazy\" class=\"size-medium wp-image-169 aligncenter\" src=\"http:\/\/www.madi.at\/moon3\/wp-content\/uploads\/2017\/01\/DSC_8381_mittel-300x199.jpg\" alt=\"dsc_8381_mittel\" width=\"300\" height=\"199\" srcset=\"http:\/\/www.moonfire.at\/wp-content\/uploads\/2017\/01\/DSC_8381_mittel-300x199.jpg 300w, http:\/\/www.moonfire.at\/wp-content\/uploads\/2017\/01\/DSC_8381_mittel-768x509.jpg 768w, http:\/\/www.moonfire.at\/wp-content\/uploads\/2017\/01\/DSC_8381_mittel.jpg 1024w\" sizes=\"(max-width: 300px) 100vw, 300px\" \/><br \/>\n<img decoding=\"async\" loading=\"lazy\" class=\"size-medium wp-image-168 aligncenter\" src=\"http:\/\/www.madi.at\/moon3\/wp-content\/uploads\/2017\/01\/DSC_8368_mittel-199x300.jpg\" alt=\"dsc_8368_mittel\" width=\"199\" height=\"300\" srcset=\"http:\/\/www.moonfire.at\/wp-content\/uploads\/2017\/01\/DSC_8368_mittel-199x300.jpg 199w, http:\/\/www.moonfire.at\/wp-content\/uploads\/2017\/01\/DSC_8368_mittel-768x1160.jpg 768w, http:\/\/www.moonfire.at\/wp-content\/uploads\/2017\/01\/DSC_8368_mittel-678x1024.jpg 678w, http:\/\/www.moonfire.at\/wp-content\/uploads\/2017\/01\/DSC_8368_mittel.jpg 1024w\" sizes=\"(max-width: 199px) 100vw, 199px\" \/> <img decoding=\"async\" loading=\"lazy\" class=\"size-medium wp-image-167 aligncenter\" src=\"http:\/\/www.madi.at\/moon3\/wp-content\/uploads\/2017\/01\/DSC_8362_mittel-199x300.jpg\" alt=\"dsc_8362_mittel\" width=\"199\" height=\"300\" srcset=\"http:\/\/www.moonfire.at\/wp-content\/uploads\/2017\/01\/DSC_8362_mittel-199x300.jpg 199w, http:\/\/www.moonfire.at\/wp-content\/uploads\/2017\/01\/DSC_8362_mittel-768x1160.jpg 768w, http:\/\/www.moonfire.at\/wp-content\/uploads\/2017\/01\/DSC_8362_mittel-678x1024.jpg 678w, http:\/\/www.moonfire.at\/wp-content\/uploads\/2017\/01\/DSC_8362_mittel.jpg 1024w\" sizes=\"(max-width: 199px) 100vw, 199px\" \/><\/p>\n","protected":false},"excerpt":{"rendered":"<p>Da wir immer wieder Veranstaltungen machen, hier einige Bilder und Infos dar\u00fcber: ADVENTLICHTER 2015 &amp; 2016 &#8211; BENEFIZKONZERT f\u00fcr den Schwarzataler Social Club (SSC) In die Wartmannstettner Marien Dankes Kirche\u00a0haben wir\u00a0&#8211; das\u00a0DUO MOONFIRE, Rosemarie und Martin Dientl, und unsere Freunde Doris Scherz, Marius Kodym, Gottfried Prinz und G\u00fcnther Schneider sehr viele Menschen 2015 und 2016\u00a0 zu einem begeisternden Konzert namens &#8222;ADVENTLICHTER&#8220; eingeladen. Wir wollten eine\u00a0Veranstaltung der ganz besonderen Art\u00a0machen, abseits jeglichen Jingle-Bells-Kaufhaus-Klischees und die Kirche war in beiden Jahren bis auf den letzten Platz gef\u00fcllt. 2016 haben wir am Veranstaltungstag auch die gleichnamige CD &#8222;ADVENTLICHTER&#8220;, welche wir im Jahr 2016 produziert haben, vorgestellt. Wenn es bei einer adventlichen Feier bereits vor der Pause Standing Ovations gibt, muss es aber wirklich auch etwas Au\u00dfergew\u00f6hnliches gewesen sein und wir danken allen, die unsere Konzerte besucht haben, aufs herzlichste. In teilweise eigenwilliger Instrumentierung mit &#8222;Monochord&#8220; und dem Steeldrum-\u00e4hnlichen Instrument &#8222;Hang&#8220; kombiniert mit Gitarren, Djembe, Cajon und Piano, in minimalistischen, aber \u00e4u\u00dferst interessanten Arrangements, eingebunden in die gef\u00fchlvolle Moderation von G\u00fcnther Schneider, bildeten Publikum und Musiker eingetaucht in herrliches, farbtrunkenes Ambiente der illuminierten Kirche und samtig-vollem, glasklarem Klangerlebnis eine einzige Einheit. Martin Dientl, MADI.AT EVENTTECHNIK, war an diesem Tag f\u00fcr Sound und Lichtdesign verantwortlich und gab den Menschen in der Kirche einen Moment, der zum Tr\u00e4umen anregte. Die Bilder seht ihr unterhalb. Eines der vielen Highlights 2016\u00a0war der 22 j\u00e4hrige Marius Kodym, der beeindruckend virtuos auf dem exotischen Instrument Hang zwei Eigenkompositionen zum Besten gab und damit alle in seinen Bann zog. Wir danken ihm daf\u00fcr, dass er uns so gro\u00dfartig unterst\u00fctzt hat. Der bekannte H\u00f6fleiner Liedermacher Gottfried Prinz spannte mit seinen Eigenkompositionen 2015 und 2016 einen lyrischen Bogen \u00fcber die teils zart interpretierten, bekannten und weniger bekannten weihnachtlichen Lieder und die teils urgewaltig, emotionalen Gospels und MOONFIRE Songs und so wird diese wirklich gelungene Darbietung wohl ein nachhaltiges und tiefgehendes Gesamtereignis bleiben. In der Pause versorgten 2015 die &#8222;Harmonies Dancers&#8220; und 2016 der &#8222;Schwarzataler Social Club, Monika Radax, Cafe Fredo und Erich Baci&#8220; unsere G\u00e4ste mit den verschiedensten K\u00f6stlichkeiten. Die Spenden, welche wir zu diesen 2 Konzerten eingenommen haben, haben unsere Vorstellungen gewaltig \u00fcbertroffen. Wir danken allen Spendern, dass sie den Schwarzataler Social Club so gro\u00dfartig unterst\u00fctzt haben und das unser BENEFIZKONZERT so gro\u00dfartig durch die Bev\u00f6lkerung angenommen wurde. Alle, denen es nicht m\u00f6glich war, unsere Veranstaltungen zu besuchen, haben noch immer die M\u00f6glichkeit,\u00a0unsere CD ADVENTLICHTER zum Preis von 12 \u20ac zu erwerben. Ist zwar eine Weihnachts-CD, doch\u00a0Weihnachten\u00a0kommt ja anscheinend immer wieder. \ud83d\ude42 Hier noch einige Bilder unseres lieben Freundes Christian Allabauer: \u00a0 \u00a0 \u00a0<\/p>\n","protected":false},"author":1,"featured_media":167,"parent":0,"menu_order":0,"comment_status":"closed","ping_status":"closed","template":"","meta":{"footnotes":""},"amp_enabled":true,"_links":{"self":[{"href":"http:\/\/www.moonfire.at\/index.php?rest_route=\/wp\/v2\/pages\/150"}],"collection":[{"href":"http:\/\/www.moonfire.at\/index.php?rest_route=\/wp\/v2\/pages"}],"about":[{"href":"http:\/\/www.moonfire.at\/index.php?rest_route=\/wp\/v2\/types\/page"}],"author":[{"embeddable":true,"href":"http:\/\/www.moonfire.at\/index.php?rest_route=\/wp\/v2\/users\/1"}],"replies":[{"embeddable":true,"href":"http:\/\/www.moonfire.at\/index.php?rest_route=%2Fwp%2Fv2%2Fcomments&post=150"}],"version-history":[{"count":11,"href":"http:\/\/www.moonfire.at\/index.php?rest_route=\/wp\/v2\/pages\/150\/revisions"}],"predecessor-version":[{"id":182,"href":"http:\/\/www.moonfire.at\/index.php?rest_route=\/wp\/v2\/pages\/150\/revisions\/182"}],"wp:featuredmedia":[{"embeddable":true,"href":"http:\/\/www.moonfire.at\/index.php?rest_route=\/wp\/v2\/media\/167"}],"wp:attachment":[{"href":"http:\/\/www.moonfire.at\/index.php?rest_route=%2Fwp%2Fv2%2Fmedia&parent=150"}],"curies":[{"name":"wp","href":"https:\/\/api.w.org\/{rel}","templated":true}]}}