{"id":184,"date":"2017-01-08T15:57:22","date_gmt":"2017-01-08T14:57:22","guid":{"rendered":"http:\/\/www.madi.at\/moon3\/?page_id=184"},"modified":"2017-05-17T13:34:10","modified_gmt":"2017-05-17T11:34:10","slug":"anlaesse","status":"publish","type":"page","link":"http:\/\/www.moonfire.at\/?page_id=184","title":{"rendered":"weitere Anl\u00e4sse und Informationen"},"content":{"rendered":"<h2 style=\"text-align: center;\"><strong>Verschiedenste Anl\u00e4sse werden durch unsere\u00a0LIVE-Musik zu\u00a0 Veranstaltungen mit Herz.<\/strong><br \/>\n<strong> Hier einige von ihnen:<\/strong><\/h2>\n<p style=\"text-align: center;\">Firmenfeiern<br \/>\nWeihnachtsfeier<br \/>\nPrivate Feiern<br \/>\nBarmusik<br \/>\nMaturab\u00e4lle<br \/>\nTaufen<br \/>\nGottesdienste<br \/>\nBegr\u00e4bnis<br \/>\nFeuerwehrb\u00e4lle<br \/>\nBrunch<br \/>\nRestaurants<br \/>\nSilvesterb\u00e4lle<br \/>\nAutopr\u00e4sentationen<br \/>\nPolitische Veranstaltungen<br \/>\nusw.<\/p>\n<h2 style=\"text-align: left;\"><strong>\u00a0Was f\u00fcr uns bei jeder Veranstaltung wichtig ist:<\/strong><\/h2>\n<ul>\n<li style=\"text-align: left;\">Ein Funkmikro steht f\u00fcr Reden, Durchsagen oder anderes immer zur Verf\u00fcgung<\/li>\n<li style=\"text-align: left;\">Die Lautst\u00e4rke wird immer an die Veranstaltung angepasst. Egal ob f\u00fcr 40 oder f\u00fcr 2000 Personen. Wir haben f\u00fcr jede Veranstaltung das passende Equipment.<\/li>\n<li style=\"text-align: left;\">Professioneller\/s Sound\/Licht durch professionelles Equipment &#8211; MADI.AT &#8211; Eventtechnik macht jegliche W\u00fcnsche des Veranstalters m\u00f6glich &#8211; da die Firma\u00a0Martin Dientl\u00a0geh\u00f6rt, bekommt man alles aus einer Hand.<\/li>\n<li style=\"text-align: left;\">Technische Unterst\u00fctzung &#8211; nutzen sie unsere Anlage f\u00fcr Pr\u00e4sentationen, wir helfen ihnen dabei. Das Anstecken eines Laptops oder USB-Sticks f\u00fcr Liedw\u00fcnsche oder anderes, funktioniert bei uns ganz einfach. Brauchen sie Beamer oder Leinw\u00e4nde &#8211; teilen sie uns ihre W\u00fcnsche mit\u00a0und es kommt zu keinen b\u00f6sen \u00dcberraschungen.<\/li>\n<li style=\"text-align: left;\">Programm f\u00fcr Jung und Alt &#8211; egal ob Austropop, Evergreens, Schlager oder Aktuelle Charts &#8211; F\u00fcr jede Veranstaltung gibt es das richtige Repertoire.<\/li>\n<li style=\"text-align: left;\">Professionelles Auftreten auf und hinter der B\u00fchne ist f\u00fcr uns sehr wichtig.\u00a0&#8211; Wir trinken keinen Alkohol!<\/li>\n<li style=\"text-align: left;\">Lichtdesign f\u00fcr ihre Veranstaltung &#8211; die Grundausstattung habe wir immer mit &#8211; wenn sie mehr brauchen &#8211; gerne. Wir machen ihnen ein unverbindliches Angebot.<\/li>\n<\/ul>\n","protected":false},"excerpt":{"rendered":"<p>Verschiedenste Anl\u00e4sse werden durch unsere\u00a0LIVE-Musik zu\u00a0 Veranstaltungen mit Herz. Hier einige von ihnen: Firmenfeiern Weihnachtsfeier Private Feiern Barmusik Maturab\u00e4lle Taufen Gottesdienste Begr\u00e4bnis Feuerwehrb\u00e4lle Brunch Restaurants Silvesterb\u00e4lle Autopr\u00e4sentationen Politische Veranstaltungen usw. \u00a0Was f\u00fcr uns bei jeder Veranstaltung wichtig ist: Ein Funkmikro steht f\u00fcr Reden, Durchsagen oder anderes immer zur Verf\u00fcgung Die Lautst\u00e4rke wird immer an die Veranstaltung angepasst. Egal ob f\u00fcr 40 oder f\u00fcr 2000 Personen. Wir haben f\u00fcr jede Veranstaltung das passende Equipment. Professioneller\/s Sound\/Licht durch professionelles Equipment &#8211; MADI.AT &#8211; Eventtechnik macht jegliche W\u00fcnsche des Veranstalters m\u00f6glich &#8211; da die Firma\u00a0Martin Dientl\u00a0geh\u00f6rt, bekommt man alles aus einer Hand. Technische Unterst\u00fctzung &#8211; nutzen sie unsere Anlage f\u00fcr Pr\u00e4sentationen, wir helfen ihnen dabei. Das Anstecken eines Laptops oder USB-Sticks f\u00fcr Liedw\u00fcnsche oder anderes, funktioniert bei uns ganz einfach. Brauchen sie Beamer oder Leinw\u00e4nde &#8211; teilen sie uns ihre W\u00fcnsche mit\u00a0und es kommt zu keinen b\u00f6sen \u00dcberraschungen. Programm f\u00fcr Jung und Alt &#8211; egal ob Austropop, Evergreens, Schlager oder Aktuelle Charts &#8211; F\u00fcr jede Veranstaltung gibt es das richtige Repertoire. Professionelles Auftreten auf und hinter der B\u00fchne ist f\u00fcr uns sehr wichtig.\u00a0&#8211; Wir trinken keinen Alkohol! Lichtdesign f\u00fcr ihre Veranstaltung &#8211; die Grundausstattung habe wir immer mit &#8211; wenn sie mehr brauchen &#8211; gerne. Wir machen ihnen ein unverbindliches Angebot.<\/p>\n","protected":false},"author":1,"featured_media":0,"parent":0,"menu_order":0,"comment_status":"closed","ping_status":"closed","template":"","meta":{"footnotes":""},"amp_enabled":true,"_links":{"self":[{"href":"http:\/\/www.moonfire.at\/index.php?rest_route=\/wp\/v2\/pages\/184"}],"collection":[{"href":"http:\/\/www.moonfire.at\/index.php?rest_route=\/wp\/v2\/pages"}],"about":[{"href":"http:\/\/www.moonfire.at\/index.php?rest_route=\/wp\/v2\/types\/page"}],"author":[{"embeddable":true,"href":"http:\/\/www.moonfire.at\/index.php?rest_route=\/wp\/v2\/users\/1"}],"replies":[{"embeddable":true,"href":"http:\/\/www.moonfire.at\/index.php?rest_route=%2Fwp%2Fv2%2Fcomments&post=184"}],"version-history":[{"count":15,"href":"http:\/\/www.moonfire.at\/index.php?rest_route=\/wp\/v2\/pages\/184\/revisions"}],"predecessor-version":[{"id":260,"href":"http:\/\/www.moonfire.at\/index.php?rest_route=\/wp\/v2\/pages\/184\/revisions\/260"}],"wp:attachment":[{"href":"http:\/\/www.moonfire.at\/index.php?rest_route=%2Fwp%2Fv2%2Fmedia&parent=184"}],"curies":[{"name":"wp","href":"https:\/\/api.w.org\/{rel}","templated":true}]}}