{"id":90,"date":"2016-10-16T19:27:06","date_gmt":"2016-10-16T17:27:06","guid":{"rendered":"http:\/\/www.madi.at\/moon3\/?page_id=90"},"modified":"2024-05-19T12:14:53","modified_gmt":"2024-05-19T10:14:53","slug":"repertoire","status":"publish","type":"page","link":"http:\/\/www.moonfire.at\/?page_id=90","title":{"rendered":"Repertoire"},"content":{"rendered":"<p>Unser Repertoire deckt die gesamte Bandbreite an Stilrichtungen ab.<br \/>\nOb Balladen, Love-Songs, Austropop, Evergreens, Partymusik, klassische Standards (Jazz usw.), Pop modern, englisch, deutsch, spanisch, italienisch &#8230;. F\u00fcr jeden Musikgeschmack haben wir die passenden Musiktitel im Programm.<\/p>\n<p><img decoding=\"async\" loading=\"lazy\" class=\"size-medium wp-image-99 aligncenter\" src=\"http:\/\/www.madi.at\/moon3\/wp-content\/uploads\/2016\/10\/6.8.2016-300x180.jpg\" alt=\"6-8-2016\" width=\"300\" height=\"180\" srcset=\"http:\/\/www.moonfire.at\/wp-content\/uploads\/2016\/10\/6.8.2016-300x180.jpg 300w, http:\/\/www.moonfire.at\/wp-content\/uploads\/2016\/10\/6.8.2016-768x461.jpg 768w, http:\/\/www.moonfire.at\/wp-content\/uploads\/2016\/10\/6.8.2016.jpg 960w\" sizes=\"(max-width: 300px) 100vw, 300px\" \/><\/p>\n<p>Einige Nummern aus unserem Repertoire haben wir kurz angef\u00fchrt &#8211; der Link zum kompletten Repertoire ist in jeder Kategorie enthalten.<\/p>\n<p>Balladen:<\/p>\n<ul>\n<li>Perfekt &#8211; Ed Sheeran<\/li>\n<li>Wings &#8211; Birdy<\/li>\n<li>Shallow &#8211; Lady Gaga<\/li>\n<li>Liebe meines Lebens &#8211; Philipp Poisel<\/li>\n<li>Ich lass f\u00fcr dich das Licht an &#8211; Revolverheld<\/li>\n<li>You raise me up &#8211; Josh Groban<\/li>\n<li>Come what may &#8211; Moulin Rouge<\/li>\n<li>So liab hob i di, F\u00fcr mi bist du sche, Engerl\u00a0&#8211; Gabalier<\/li>\n<li>Das Beste, Ja, &#8211; Silbermond<\/li>\n<li>Seite an Seite &#8211; Christina St\u00fcrmer<\/li>\n<li>The power of love &#8211; Jennifer Rush &amp; Franky goes to Hollywood<\/li>\n<li>A thousand years &#8211; Christina Perri<\/li>\n<li>A Moment like this &#8211; Kelly Clarkson<\/li>\n<li>Wie sch\u00f6n du bist &#8211; Sarah Conner<\/li>\n<li>I will be &#8211; Leona Lewis<\/li>\n<li>How do i live without you &#8211; LeAnn Rimes<\/li>\n<li>Have i told you lately &#8211; Van Morrisson<\/li>\n<li>Ich kenne nichts &#8211; Xavier Naidoo<\/li>\n<li>Close to you &#8211; Carpenters<\/li>\n<li>Dir geh\u00f6rt mein Herz &#8211; Phil Colins<\/li>\n<li>You are so beautiful &#8211; Joe Cocker<\/li>\n<li>Unser Tag, Du l\u00e4sst mich sein so wie ich bin &#8211; H. Fischer<\/li>\n<li>Zam Oid Wern<\/li>\n<li>Zwischen Himmel und Erden<\/li>\n<li>Ein Teil von meinem Herzen &#8211; Jonathan Zeltner<\/li>\n<li>F\u00fcr immer ab jetzt &#8211; Oerding<\/li>\n<li>u.v.m.\u00a0 hier der <a href=\"http:\/\/www.moonfire.at\/wp-content\/uploads\/2023\/10\/Wunschliste-LOVE-Songs-fuer-Kirche-oder-Standesamt-2023.pdf\">LINK<\/a> zu unserer aktuellen Wunschliste f\u00fcr Kirche &amp; Standesamt<\/li>\n<\/ul>\n<p>Austropop:<\/p>\n<ul>\n<li>I am from Austria<\/li>\n<li>Gro\u00dfvater<\/li>\n<li>Schena is des Gf\u00fch<\/li>\n<li>F\u00fcrstenfeld<\/li>\n<li>Weist a Herz host wia a Bergwerk<\/li>\n<li>Zwicks mi<\/li>\n<li>Mitlife Crisis<\/li>\n<li>Ham Kumst (Seiler&amp;Speer)<\/li>\n<li>Eini ins Leben &#8211; Pizzera &amp; Jaus<\/li>\n<li>Seite an Seite, Ich lebe, Weist du wohin wir gehen &#8211; Christina St\u00fcrmer<\/li>\n<li>u.v.m. hier der <a href=\"http:\/\/www.moonfire.at\/wp-content\/uploads\/2024\/05\/Wunschliste-Tanz-Party-Unterhaltung-2024-1.pdf\">LINK<\/a> zu unserer aktuellen Wunschliste &#8211; Tanz-, Party- und Unterhaltungsmusik<\/li>\n<\/ul>\n<p>Party:<\/p>\n<ul>\n<li>\u00a0Hulapalu<\/li>\n<li>Cordula Gr\u00fcn<\/li>\n<li>Rock mi<\/li>\n<li>Ab in den S\u00fcden<\/li>\n<li>Mambo Nr. 5<\/li>\n<li>Atemlos durch die Nacht<\/li>\n<li>Auf uns &#8211; Andreas Bourani<\/li>\n<li>Applaus, Applaus &#8211; Sportfreunde Stiller<\/li>\n<li>An Tagen wie diesen &#8211; Toten Hosen<\/li>\n<li>Firework &#8211; Katie Perry<\/li>\n<li>Summer of 69<\/li>\n<li>Its my life &#8211; Bon Jovi<\/li>\n<li>Dont stop the Musik &#8211; Rihanna<\/li>\n<li>Einen Stern &#8211; DJ \u00d6tzi<\/li>\n<li>Du hast mich 1000 mal belogen<\/li>\n<li>u.v.m. hier der <a href=\"http:\/\/www.moonfire.at\/wp-content\/uploads\/2024\/05\/Wunschliste-Tanz-Party-Unterhaltung-2024-1.pdf\">LINK<\/a> zu unserer aktuellen Wunschliste &#8211; Tanz-, Party- und Unterhaltungsmusik<\/li>\n<\/ul>\n<p>Tanzmusik:<\/p>\n<ul>\n<li>Jamaika Farewell<\/li>\n<li>Perfekt &#8211; Ed Sheeran<\/li>\n<li>Shallow &#8211; Lady Gaga<\/li>\n<li>Always remember this way &#8211; Lady Gaga<\/li>\n<li>Something stupid<\/li>\n<li>All about the bass, Dear future husband &#8211; Meghan Trainor<\/li>\n<li>Diamonds are Girls best friend<\/li>\n<li>Photograph &#8211; Ed Sheeran<\/li>\n<li>Happy &#8211; Farrell Williams<\/li>\n<li>Bed of Roses &#8211; Bon Jovi<\/li>\n<li>A night like this<\/li>\n<li>Love is in the air<\/li>\n<li>Country roads<\/li>\n<li>\u00dcber den Wolken<\/li>\n<li>Aber bitte mit Sahne<\/li>\n<li>diverse Walzer<\/li>\n<li>diverse Boggies, Rockn Roll, Jazz-Nummern usw.<\/li>\n<li>u.v.m. hier der <a href=\"http:\/\/www.moonfire.at\/wp-content\/uploads\/2024\/05\/Wunschliste-Tanz-Party-Unterhaltung-2024-1.pdf\">LINK<\/a> zu unserer aktuellen Wunschliste &#8211; Tanz-, Party und Unterhaltungsmusik<\/li>\n<\/ul>\n<p style=\"text-align: center;\">Falls ihr Fragen zu unserem Repertoire habt, schickt uns eine kurze<br \/>\nNachricht \u00fcber unser Kontaktformular.<br \/>\nWenn ihr euer pers\u00f6nliches Lieblingslied nicht in unserer Liste vorfindet,<br \/>\nstudieren wir dieses nat\u00fcrlich gerne ohne Aufpreis f\u00fcr euch ein.<\/p>\n","protected":false},"excerpt":{"rendered":"<p>Unser Repertoire deckt die gesamte Bandbreite an Stilrichtungen ab. Ob Balladen, Love-Songs, Austropop, Evergreens, Partymusik, klassische Standards (Jazz usw.), Pop modern, englisch, deutsch, spanisch, italienisch &#8230;. F\u00fcr jeden Musikgeschmack haben wir die passenden Musiktitel im Programm. Einige Nummern aus unserem Repertoire haben wir kurz angef\u00fchrt &#8211; der Link zum kompletten Repertoire ist in jeder Kategorie enthalten. Balladen: Perfekt &#8211; Ed Sheeran Wings &#8211; Birdy Shallow &#8211; Lady Gaga Liebe meines Lebens &#8211; Philipp Poisel Ich lass f\u00fcr dich das Licht an &#8211; Revolverheld You raise me up &#8211; Josh Groban Come what may &#8211; Moulin Rouge So liab hob i di, F\u00fcr mi bist du sche, Engerl\u00a0&#8211; Gabalier Das Beste, Ja, &#8211; Silbermond Seite an Seite &#8211; Christina St\u00fcrmer The power of love &#8211; Jennifer Rush &amp; Franky goes to Hollywood A thousand years &#8211; Christina Perri A Moment like this &#8211; Kelly Clarkson Wie sch\u00f6n du bist &#8211; Sarah Conner I will be &#8211; Leona Lewis How do i live without you &#8211; LeAnn Rimes Have i told you lately &#8211; Van Morrisson Ich kenne nichts &#8211; Xavier Naidoo Close to you &#8211; Carpenters Dir geh\u00f6rt mein Herz &#8211; Phil Colins You are so beautiful &#8211; Joe Cocker Unser Tag, Du l\u00e4sst mich sein so wie ich bin &#8211; H. Fischer Zam Oid Wern Zwischen Himmel und Erden Ein Teil von meinem Herzen &#8211; Jonathan Zeltner F\u00fcr immer ab jetzt &#8211; Oerding u.v.m.\u00a0 hier der LINK zu unserer aktuellen Wunschliste f\u00fcr Kirche &amp; Standesamt Austropop: I am from Austria Gro\u00dfvater Schena is des Gf\u00fch F\u00fcrstenfeld Weist a Herz host wia a Bergwerk Zwicks mi Mitlife Crisis Ham Kumst (Seiler&amp;Speer) Eini ins Leben &#8211; Pizzera &amp; Jaus Seite an Seite, Ich lebe, Weist du wohin wir gehen &#8211; Christina St\u00fcrmer u.v.m. hier der LINK zu unserer aktuellen Wunschliste &#8211; Tanz-, Party- und Unterhaltungsmusik Party: \u00a0Hulapalu Cordula Gr\u00fcn Rock mi Ab in den S\u00fcden Mambo Nr. 5 Atemlos durch die Nacht Auf uns &#8211; Andreas Bourani Applaus, Applaus &#8211; Sportfreunde Stiller An Tagen wie diesen &#8211; Toten Hosen Firework &#8211; Katie Perry Summer of 69 Its my life &#8211; Bon Jovi Dont stop the Musik &#8211; Rihanna Einen Stern &#8211; DJ \u00d6tzi Du hast mich 1000 mal belogen u.v.m. hier der LINK zu unserer aktuellen Wunschliste &#8211; Tanz-, Party- und Unterhaltungsmusik Tanzmusik: Jamaika Farewell Perfekt &#8211; Ed Sheeran Shallow &#8211; Lady Gaga Always remember this way &#8211; Lady Gaga Something stupid All about the bass, Dear future husband &#8211; Meghan Trainor Diamonds are Girls best friend Photograph &#8211; Ed Sheeran Happy &#8211; Farrell Williams Bed of Roses &#8211; Bon Jovi A night like this Love is in the air Country roads \u00dcber den Wolken Aber bitte mit Sahne diverse Walzer diverse Boggies, Rockn Roll, Jazz-Nummern usw. u.v.m. hier der LINK zu unserer aktuellen Wunschliste &#8211; Tanz-, Party und Unterhaltungsmusik Falls ihr Fragen zu unserem Repertoire habt, schickt uns eine kurze Nachricht \u00fcber unser Kontaktformular. Wenn ihr euer pers\u00f6nliches Lieblingslied nicht in unserer Liste vorfindet, studieren wir dieses nat\u00fcrlich gerne ohne Aufpreis f\u00fcr euch ein.<\/p>\n","protected":false},"author":1,"featured_media":99,"parent":0,"menu_order":0,"comment_status":"closed","ping_status":"closed","template":"","meta":{"footnotes":""},"amp_enabled":true,"_links":{"self":[{"href":"http:\/\/www.moonfire.at\/index.php?rest_route=\/wp\/v2\/pages\/90"}],"collection":[{"href":"http:\/\/www.moonfire.at\/index.php?rest_route=\/wp\/v2\/pages"}],"about":[{"href":"http:\/\/www.moonfire.at\/index.php?rest_route=\/wp\/v2\/types\/page"}],"author":[{"embeddable":true,"href":"http:\/\/www.moonfire.at\/index.php?rest_route=\/wp\/v2\/users\/1"}],"replies":[{"embeddable":true,"href":"http:\/\/www.moonfire.at\/index.php?rest_route=%2Fwp%2Fv2%2Fcomments&post=90"}],"version-history":[{"count":23,"href":"http:\/\/www.moonfire.at\/index.php?rest_route=\/wp\/v2\/pages\/90\/revisions"}],"predecessor-version":[{"id":417,"href":"http:\/\/www.moonfire.at\/index.php?rest_route=\/wp\/v2\/pages\/90\/revisions\/417"}],"wp:featuredmedia":[{"embeddable":true,"href":"http:\/\/www.moonfire.at\/index.php?rest_route=\/wp\/v2\/media\/99"}],"wp:attachment":[{"href":"http:\/\/www.moonfire.at\/index.php?rest_route=%2Fwp%2Fv2%2Fmedia&parent=90"}],"curies":[{"name":"wp","href":"https:\/\/api.w.org\/{rel}","templated":true}]}}