{"id":132,"date":"2016-12-01T16:37:22","date_gmt":"2016-12-01T15:37:22","guid":{"rendered":"http:\/\/www.madi.at\/moon3\/?page_id=132"},"modified":"2016-12-01T16:37:22","modified_gmt":"2016-12-01T15:37:22","slug":"impressum","status":"publish","type":"page","link":"https:\/\/www.moonfire.at\/?page_id=132","title":{"rendered":"Impressum"},"content":{"rendered":"<p>IMPRESSUM:<br \/>\nDuo MOONFIRE<br \/>\nRosemarie Scherz-Dientl &amp; Martin Dientl<\/p>\n<p><strong>Rechtshinweise:\u00a0<\/strong><\/p>\n<p class=\"bodytext\">Alle Angaben auf diesem Webportal, inklusive angeschlossener Formulare und E-mails und\/oder telefonischer Ausk\u00fcnfte der Autoren erfolgen v\u00f6llig unverbindlich. Es wird keine wie immer geartete Haftung oder Gew\u00e4hrleistung \u00fcbernommen. F\u00fcr den Inhalt der verlinkten Seiten sind ausschlie\u00dflich deren Betreiber verantwortlich. Das Herstellen von Verbindungen zu diesen Websites erfolgt auf eigene Gefahr.<\/p>\n<p class=\"bodytext\">Alle Rechte und \u00c4nderungen vorbehalten. Verwendung von Text- und Bildmaterial \u2013 auch auszugsweise \u2013 nur nach Genehmigung. Copyright 2016 by MOONFIRE.<\/p>\n<p class=\"bodytext\">Verantwortlich f\u00fcr diese Website: Rosemarie Scherz-Dientl<\/p>\n<p class=\"bodytext\"><b>Erhebung und Verarbeitung personenbezogener Daten &amp; Datenschutz<\/b><\/p>\n<p class=\"bodytext\">Auf dieser Website werden keine personenbezogenen Daten gesammelt, es sei denn Sie stellen uns diese freiwillig zur Verf\u00fcgung (z.B. durch Ausf\u00fcllen des Kontaktformulars oder bei Newsletter-Bestellung). Soweit Sie uns personenbezogene Daten zur Verf\u00fcgung gestellt haben, verwenden wir diese zur Kommunikation mit Ihnen sowie zur Beantwortung und Abwicklung Ihrer Anfragen. Bitte beachten Sie, dass die \u00dcbermittlung der Daten nicht verschl\u00fcsselt erfolgt und deshalb keine vertraulichen Informationen \u00fcber das Kontaktformular gesendet werden sollten. Eine Weitergabe an Dritte findet nicht statt.<\/p>\n<p class=\"bodytext\"><b>Cookies<\/b><\/p>\n<p class=\"bodytext\">Beim Besuch dieser Website werden Informationen (\u201eCookies\u201c) auf Ihrem Rechner abgespeichert, die es der Website erlauben, Sie bei erneuten Besuchen wieder zu kennen. Damit kann die Website optimal an Ihre Interessen angepasst werden. Wenn Sie mit der Speicherung von Cookies auf Ihrem Rechner nicht einverstanden sind, deaktivieren Sie bitte die Verwendung von Cookies in Ihrem Browser. Wir m\u00f6chten Sie jedoch darauf hinweisen, dass Sie in diesem Fall gegebenenfalls nicht s\u00e4mtliche Funktionen dieser Website voll umf\u00e4nglich werden nutzen k\u00f6nnen.<\/p>\n","protected":false},"excerpt":{"rendered":"<p>IMPRESSUM: Duo MOONFIRE Rosemarie Scherz-Dientl &amp; Martin Dientl Rechtshinweise:\u00a0 Alle Angaben auf diesem Webportal, inklusive angeschlossener Formulare und E-mails und\/oder telefonischer Ausk\u00fcnfte der Autoren erfolgen v\u00f6llig unverbindlich. Es wird keine wie immer geartete Haftung oder Gew\u00e4hrleistung \u00fcbernommen. F\u00fcr den Inhalt der verlinkten Seiten sind ausschlie\u00dflich deren Betreiber verantwortlich. Das Herstellen von Verbindungen zu diesen Websites erfolgt auf eigene Gefahr. Alle Rechte und \u00c4nderungen vorbehalten. Verwendung von Text- und Bildmaterial \u2013 auch auszugsweise \u2013 nur nach Genehmigung. Copyright 2016 by MOONFIRE. Verantwortlich f\u00fcr diese Website: Rosemarie Scherz-Dientl Erhebung und Verarbeitung personenbezogener Daten &amp; Datenschutz Auf dieser Website werden keine personenbezogenen Daten gesammelt, es sei denn Sie stellen uns diese freiwillig zur Verf\u00fcgung (z.B. durch Ausf\u00fcllen des Kontaktformulars oder bei Newsletter-Bestellung). Soweit Sie uns personenbezogene Daten zur Verf\u00fcgung gestellt haben, verwenden wir diese zur Kommunikation mit Ihnen sowie zur Beantwortung und Abwicklung Ihrer Anfragen. Bitte beachten Sie, dass die \u00dcbermittlung der Daten nicht verschl\u00fcsselt erfolgt und deshalb keine vertraulichen Informationen \u00fcber das Kontaktformular gesendet werden sollten. Eine Weitergabe an Dritte findet nicht statt. Cookies Beim Besuch dieser Website werden Informationen (\u201eCookies\u201c) auf Ihrem Rechner abgespeichert, die es der Website erlauben, Sie bei erneuten Besuchen wieder zu kennen. Damit kann die Website optimal an Ihre Interessen angepasst werden. Wenn Sie mit der Speicherung von Cookies auf Ihrem Rechner nicht einverstanden sind, deaktivieren Sie bitte die Verwendung von Cookies in Ihrem Browser. Wir m\u00f6chten Sie jedoch darauf hinweisen, dass Sie in diesem Fall gegebenenfalls nicht s\u00e4mtliche Funktionen dieser Website voll umf\u00e4nglich werden nutzen k\u00f6nnen.<\/p>\n","protected":false},"author":1,"featured_media":0,"parent":0,"menu_order":0,"comment_status":"closed","ping_status":"closed","template":"","meta":{"footnotes":""},"amp_enabled":true,"_links":{"self":[{"href":"https:\/\/www.moonfire.at\/index.php?rest_route=\/wp\/v2\/pages\/132"}],"collection":[{"href":"https:\/\/www.moonfire.at\/index.php?rest_route=\/wp\/v2\/pages"}],"about":[{"href":"https:\/\/www.moonfire.at\/index.php?rest_route=\/wp\/v2\/types\/page"}],"author":[{"embeddable":true,"href":"https:\/\/www.moonfire.at\/index.php?rest_route=\/wp\/v2\/users\/1"}],"replies":[{"embeddable":true,"href":"https:\/\/www.moonfire.at\/index.php?rest_route=%2Fwp%2Fv2%2Fcomments&post=132"}],"version-history":[{"count":1,"href":"https:\/\/www.moonfire.at\/index.php?rest_route=\/wp\/v2\/pages\/132\/revisions"}],"predecessor-version":[{"id":133,"href":"https:\/\/www.moonfire.at\/index.php?rest_route=\/wp\/v2\/pages\/132\/revisions\/133"}],"wp:attachment":[{"href":"https:\/\/www.moonfire.at\/index.php?rest_route=%2Fwp%2Fv2%2Fmedia&parent=132"}],"curies":[{"name":"wp","href":"https:\/\/api.w.org\/{rel}","templated":true}]}}