{"id":20,"date":"2016-10-05T15:50:53","date_gmt":"2016-10-05T13:50:53","guid":{"rendered":"http:\/\/www.madi.at\/moon3\/?page_id=20"},"modified":"2023-10-08T17:36:58","modified_gmt":"2023-10-08T15:36:58","slug":"moonfire","status":"publish","type":"page","link":"https:\/\/www.moonfire.at\/?page_id=20","title":{"rendered":"MOONFIRE"},"content":{"rendered":"<h2 style=\"text-align: center;\">Rosi &amp; Martin\u00a0 &#8211;\u00a0 Wir sind das Duo MOONFIRE!<\/h2>\n<p><img decoding=\"async\" loading=\"lazy\" class=\" wp-image-46 aligncenter\" src=\"http:\/\/www.madi.at\/moon3\/wp-content\/uploads\/2016\/10\/WoMo12-300x224.png\" alt=\"womo12\" width=\"496\" height=\"371\" srcset=\"https:\/\/www.moonfire.at\/wp-content\/uploads\/2016\/10\/WoMo12-300x224.png 300w, https:\/\/www.moonfire.at\/wp-content\/uploads\/2016\/10\/WoMo12-768x573.png 768w, https:\/\/www.moonfire.at\/wp-content\/uploads\/2016\/10\/WoMo12-1024x765.png 1024w\" sizes=\"(max-width: 496px) 100vw, 496px\" \/><\/p>\n<p>&nbsp;<\/p>\n<p style=\"text-align: center;\">Wir, DI Martin Dientl und Rosemarie Scherz-Dientl, sind aus dem s\u00fcdlichen Nieder\u00f6sterreich und wir machen mit viel Leidenschaft und Liebe moderne und professionelle Musik. Selber seit 2012 verheiratet, wissen wir, wie wichtig die richtige Musik bei der eigenen Hochzeit oder Veranstaltung ist. Die Musik begleitet uns in gef\u00fchlvoller Weise schon unser ganzes Leben.<\/p>\n<p>&nbsp;<\/p>\n<p style=\"text-align: center;\"><span style=\"color: #3366ff;\">Martin Dientl<\/span> &#8211; studierte Elektrotechnik und Toningenieur auf der TU Graz und der Kunstuniversit\u00e4t Graz\u00a0 &#8211;\u00a0 Firmeninhaber: <a href=\"https:\/\/www.madi.at\/\">MADI.AT &#8211; Eventtechnik<\/a><br \/>\nInstrumente: Keyboard, Gitarre und Djembe<\/p>\n<p><img decoding=\"async\" loading=\"lazy\" class=\"wp-image-87 size-medium aligncenter\" src=\"http:\/\/www.madi.at\/moon3\/wp-content\/uploads\/2016\/10\/Martin-SW-kl-e1476542807584-167x300.jpg\" width=\"167\" height=\"300\" srcset=\"https:\/\/www.moonfire.at\/wp-content\/uploads\/2016\/10\/Martin-SW-kl-e1476542807584-167x300.jpg 167w, https:\/\/www.moonfire.at\/wp-content\/uploads\/2016\/10\/Martin-SW-kl-e1476542807584-768x1379.jpg 768w, https:\/\/www.moonfire.at\/wp-content\/uploads\/2016\/10\/Martin-SW-kl-e1476542807584-570x1024.jpg 570w\" sizes=\"(max-width: 167px) 100vw, 167px\" \/><\/p>\n<p style=\"text-align: center;\"><span style=\"color: #3366ff;\">Rosemarie Scherz-Dientl<\/span>: Maturaabschlu\u00df der HAK Neunkirchen, 10 Jahre Gesangsausbildung in der Musikschule Neunkirchen<br \/>\nInstrument: Stimme<\/p>\n<p><span style=\"font-size: large;\"><img decoding=\"async\" loading=\"lazy\" class=\" wp-image-86 aligncenter\" src=\"http:\/\/www.madi.at\/moon3\/wp-content\/uploads\/2016\/10\/Rosi-SW-kl-e1476542547346-206x300.jpg\" alt=\"rosi-sw-kl\" width=\"199\" height=\"290\" srcset=\"https:\/\/www.moonfire.at\/wp-content\/uploads\/2016\/10\/Rosi-SW-kl-e1476542547346-206x300.jpg 206w, https:\/\/www.moonfire.at\/wp-content\/uploads\/2016\/10\/Rosi-SW-kl-e1476542547346-768x1118.jpg 768w, https:\/\/www.moonfire.at\/wp-content\/uploads\/2016\/10\/Rosi-SW-kl-e1476542547346-703x1024.jpg 703w\" sizes=\"(max-width: 199px) 100vw, 199px\" \/><\/span><\/p>\n<p style=\"text-align: center;\">Wir haben Firmungen, Jugend-Gottesdienste, Taufen, kirchliche und standesamtliche Hochzeiten, Hochzeitstafeln\/partys, B\u00e4lle, Firmenfeiern und vieles mehr schon musikalisch umrahmt. Wir bieten euch professionelle, gef\u00fchlvolle Stimmen, fantastische Musik und eine tolle Atmosph\u00e4re f\u00fcr eure Hochzeit, Feier oder Veranstaltung.<\/p>\n<p style=\"text-align: center;\"><span style=\"color: #3366ff;\">WICHTIG ist f\u00fcr uns:<\/span><\/p>\n<p style=\"text-align: center;\">QUALIT\u00c4T<br \/>\nZUVERL\u00c4SSIGKEIT<br \/>\nPERS\u00d6NLICHER UMGANG MIT UNSEREN KUNDEN\/VERANSTALTER<br \/>\nBEGEISTERUNG BEI DER VERANSTALTUNG<\/p>\n<p style=\"text-align: center;\">Hier einige Fotos von uns:<\/p>\n<p><img decoding=\"async\" loading=\"lazy\" class=\"size-medium wp-image-65 aligncenter\" src=\"http:\/\/www.moonfire.at\/wp-content\/uploads\/2016\/10\/14.5.2016-300x200.jpg\" alt=\"\" width=\"300\" height=\"200\" srcset=\"https:\/\/www.moonfire.at\/wp-content\/uploads\/2016\/10\/14.5.2016-300x200.jpg 300w, https:\/\/www.moonfire.at\/wp-content\/uploads\/2016\/10\/14.5.2016-768x512.jpg 768w, https:\/\/www.moonfire.at\/wp-content\/uploads\/2016\/10\/14.5.2016-1024x683.jpg 1024w, https:\/\/www.moonfire.at\/wp-content\/uploads\/2016\/10\/14.5.2016.jpg 2048w\" sizes=\"(max-width: 300px) 100vw, 300px\" \/> <img decoding=\"async\" loading=\"lazy\" class=\"size-medium wp-image-126 aligncenter\" src=\"http:\/\/www.moonfire.at\/wp-content\/uploads\/2016\/12\/RM-schwarzwei\u00df-200x300.png\" alt=\"\" width=\"200\" height=\"300\" srcset=\"https:\/\/www.moonfire.at\/wp-content\/uploads\/2016\/12\/RM-schwarzwei\u00df-200x300.png 200w, https:\/\/www.moonfire.at\/wp-content\/uploads\/2016\/12\/RM-schwarzwei\u00df-768x1154.png 768w, https:\/\/www.moonfire.at\/wp-content\/uploads\/2016\/12\/RM-schwarzwei\u00df-681x1024.png 681w\" sizes=\"(max-width: 200px) 100vw, 200px\" \/> <img decoding=\"async\" loading=\"lazy\" class=\"size-medium wp-image-158 aligncenter\" src=\"http:\/\/www.moonfire.at\/wp-content\/uploads\/2017\/01\/DSC1258-300x199.jpg\" alt=\"\" width=\"300\" height=\"199\" srcset=\"https:\/\/www.moonfire.at\/wp-content\/uploads\/2017\/01\/DSC1258-300x199.jpg 300w, https:\/\/www.moonfire.at\/wp-content\/uploads\/2017\/01\/DSC1258-768x510.jpg 768w, https:\/\/www.moonfire.at\/wp-content\/uploads\/2017\/01\/DSC1258-1024x680.jpg 1024w\" sizes=\"(max-width: 300px) 100vw, 300px\" \/> <img decoding=\"async\" loading=\"lazy\" class=\"size-medium wp-image-157 aligncenter\" src=\"http:\/\/www.moonfire.at\/wp-content\/uploads\/2017\/01\/DSC1243-300x199.jpg\" alt=\"\" width=\"300\" height=\"199\" srcset=\"https:\/\/www.moonfire.at\/wp-content\/uploads\/2017\/01\/DSC1243-300x199.jpg 300w, https:\/\/www.moonfire.at\/wp-content\/uploads\/2017\/01\/DSC1243-768x510.jpg 768w, https:\/\/www.moonfire.at\/wp-content\/uploads\/2017\/01\/DSC1243-1024x680.jpg 1024w\" sizes=\"(max-width: 300px) 100vw, 300px\" \/> <img decoding=\"async\" loading=\"lazy\" class=\"size-medium wp-image-156 aligncenter\" src=\"http:\/\/www.moonfire.at\/wp-content\/uploads\/2017\/01\/DSC1193-300x199.jpg\" alt=\"\" width=\"300\" height=\"199\" srcset=\"https:\/\/www.moonfire.at\/wp-content\/uploads\/2017\/01\/DSC1193-300x199.jpg 300w, https:\/\/www.moonfire.at\/wp-content\/uploads\/2017\/01\/DSC1193-768x510.jpg 768w, https:\/\/www.moonfire.at\/wp-content\/uploads\/2017\/01\/DSC1193-1024x680.jpg 1024w\" sizes=\"(max-width: 300px) 100vw, 300px\" \/> <img decoding=\"async\" loading=\"lazy\" class=\"size-medium wp-image-202 aligncenter\" src=\"http:\/\/www.moonfire.at\/wp-content\/uploads\/2017\/01\/Martin-Rosi-3-300x200.jpg\" alt=\"\" width=\"300\" height=\"200\" srcset=\"https:\/\/www.moonfire.at\/wp-content\/uploads\/2017\/01\/Martin-Rosi-3-300x200.jpg 300w, https:\/\/www.moonfire.at\/wp-content\/uploads\/2017\/01\/Martin-Rosi-3.jpg 472w\" sizes=\"(max-width: 300px) 100vw, 300px\" \/> <img decoding=\"async\" loading=\"lazy\" class=\"size-medium wp-image-203 aligncenter\" src=\"http:\/\/www.moonfire.at\/wp-content\/uploads\/2017\/01\/Martin-Rosi-300x200.jpg\" alt=\"\" width=\"300\" height=\"200\" srcset=\"https:\/\/www.moonfire.at\/wp-content\/uploads\/2017\/01\/Martin-Rosi-300x200.jpg 300w, https:\/\/www.moonfire.at\/wp-content\/uploads\/2017\/01\/Martin-Rosi.jpg 600w\" sizes=\"(max-width: 300px) 100vw, 300px\" \/> <img decoding=\"async\" loading=\"lazy\" class=\"size-medium wp-image-204 aligncenter\" src=\"http:\/\/www.moonfire.at\/wp-content\/uploads\/2017\/01\/P1010076-300x225.jpeg\" alt=\"\" width=\"300\" height=\"225\" srcset=\"https:\/\/www.moonfire.at\/wp-content\/uploads\/2017\/01\/P1010076-300x225.jpeg 300w, https:\/\/www.moonfire.at\/wp-content\/uploads\/2017\/01\/P1010076-768x576.jpeg 768w, https:\/\/www.moonfire.at\/wp-content\/uploads\/2017\/01\/P1010076-1024x768.jpeg 1024w, https:\/\/www.moonfire.at\/wp-content\/uploads\/2017\/01\/P1010076.jpeg 2048w\" sizes=\"(max-width: 300px) 100vw, 300px\" \/> <img decoding=\"async\" loading=\"lazy\" class=\"size-medium wp-image-211 aligncenter\" src=\"http:\/\/www.moonfire.at\/wp-content\/uploads\/2017\/01\/9.5.2015-Gschaider-Hochzeit-4-300x180.jpg\" alt=\"\" width=\"300\" height=\"180\" srcset=\"https:\/\/www.moonfire.at\/wp-content\/uploads\/2017\/01\/9.5.2015-Gschaider-Hochzeit-4-300x180.jpg 300w, https:\/\/www.moonfire.at\/wp-content\/uploads\/2017\/01\/9.5.2015-Gschaider-Hochzeit-4-768x461.jpg 768w, https:\/\/www.moonfire.at\/wp-content\/uploads\/2017\/01\/9.5.2015-Gschaider-Hochzeit-4-1024x614.jpg 1024w\" sizes=\"(max-width: 300px) 100vw, 300px\" \/> <img decoding=\"async\" loading=\"lazy\" class=\"size-medium wp-image-210 aligncenter\" src=\"http:\/\/www.moonfire.at\/wp-content\/uploads\/2017\/01\/9.5.2015-Gschaider-Hochzeit-3-300x180.jpg\" alt=\"\" width=\"300\" height=\"180\" srcset=\"https:\/\/www.moonfire.at\/wp-content\/uploads\/2017\/01\/9.5.2015-Gschaider-Hochzeit-3-300x180.jpg 300w, https:\/\/www.moonfire.at\/wp-content\/uploads\/2017\/01\/9.5.2015-Gschaider-Hochzeit-3-768x461.jpg 768w, https:\/\/www.moonfire.at\/wp-content\/uploads\/2017\/01\/9.5.2015-Gschaider-Hochzeit-3-1024x614.jpg 1024w\" sizes=\"(max-width: 300px) 100vw, 300px\" \/> <img decoding=\"async\" loading=\"lazy\" class=\"size-medium wp-image-209 aligncenter\" src=\"http:\/\/www.moonfire.at\/wp-content\/uploads\/2017\/01\/1.8.2015-Weiss-Andrea-Hochzeit-10-300x180.jpg\" alt=\"\" width=\"300\" height=\"180\" srcset=\"https:\/\/www.moonfire.at\/wp-content\/uploads\/2017\/01\/1.8.2015-Weiss-Andrea-Hochzeit-10-300x180.jpg 300w, https:\/\/www.moonfire.at\/wp-content\/uploads\/2017\/01\/1.8.2015-Weiss-Andrea-Hochzeit-10-768x461.jpg 768w, https:\/\/www.moonfire.at\/wp-content\/uploads\/2017\/01\/1.8.2015-Weiss-Andrea-Hochzeit-10-1024x614.jpg 1024w\" sizes=\"(max-width: 300px) 100vw, 300px\" \/> <img decoding=\"async\" loading=\"lazy\" class=\"size-medium wp-image-217 aligncenter\" src=\"http:\/\/www.moonfire.at\/wp-content\/uploads\/2017\/01\/DSC00144-300x169.jpg\" alt=\"\" width=\"300\" height=\"169\" srcset=\"https:\/\/www.moonfire.at\/wp-content\/uploads\/2017\/01\/DSC00144-300x169.jpg 300w, https:\/\/www.moonfire.at\/wp-content\/uploads\/2017\/01\/DSC00144-768x432.jpg 768w, https:\/\/www.moonfire.at\/wp-content\/uploads\/2017\/01\/DSC00144-1024x576.jpg 1024w\" sizes=\"(max-width: 300px) 100vw, 300px\" \/> <img decoding=\"async\" loading=\"lazy\" class=\"size-medium wp-image-307 aligncenter\" src=\"http:\/\/www.moonfire.at\/wp-content\/uploads\/2019\/04\/IMG-20180608-WA0014-300x200.jpg\" alt=\"\" width=\"300\" height=\"200\" srcset=\"https:\/\/www.moonfire.at\/wp-content\/uploads\/2019\/04\/IMG-20180608-WA0014-300x200.jpg 300w, https:\/\/www.moonfire.at\/wp-content\/uploads\/2019\/04\/IMG-20180608-WA0014-768x512.jpg 768w, https:\/\/www.moonfire.at\/wp-content\/uploads\/2019\/04\/IMG-20180608-WA0014-1024x682.jpg 1024w, https:\/\/www.moonfire.at\/wp-content\/uploads\/2019\/04\/IMG-20180608-WA0014.jpg 1600w\" sizes=\"(max-width: 300px) 100vw, 300px\" \/> <img decoding=\"async\" loading=\"lazy\" class=\"size-medium wp-image-226 aligncenter\" src=\"http:\/\/www.moonfire.at\/wp-content\/uploads\/2017\/01\/Rosi7-200x300.jpg\" alt=\"\" width=\"200\" height=\"300\" srcset=\"https:\/\/www.moonfire.at\/wp-content\/uploads\/2017\/01\/Rosi7-200x300.jpg 200w, https:\/\/www.moonfire.at\/wp-content\/uploads\/2017\/01\/Rosi7.jpg 400w\" sizes=\"(max-width: 200px) 100vw, 200px\" \/> <img decoding=\"async\" loading=\"lazy\" class=\"size-medium wp-image-224 aligncenter\" src=\"http:\/\/www.moonfire.at\/wp-content\/uploads\/2017\/01\/DSC_7186-199x300.jpg\" alt=\"\" width=\"199\" height=\"300\" srcset=\"https:\/\/www.moonfire.at\/wp-content\/uploads\/2017\/01\/DSC_7186-199x300.jpg 199w, https:\/\/www.moonfire.at\/wp-content\/uploads\/2017\/01\/DSC_7186-768x1160.jpg 768w, https:\/\/www.moonfire.at\/wp-content\/uploads\/2017\/01\/DSC_7186-678x1024.jpg 678w\" sizes=\"(max-width: 199px) 100vw, 199px\" \/><\/p>\n","protected":false},"excerpt":{"rendered":"<p>Rosi &amp; Martin\u00a0 &#8211;\u00a0 Wir sind das Duo MOONFIRE! &nbsp; Wir, DI Martin Dientl und Rosemarie Scherz-Dientl, sind aus dem s\u00fcdlichen Nieder\u00f6sterreich und wir machen mit viel Leidenschaft und Liebe moderne und professionelle Musik. Selber seit 2012 verheiratet, wissen wir, wie wichtig die richtige Musik bei der eigenen Hochzeit oder Veranstaltung ist. Die Musik begleitet uns in gef\u00fchlvoller Weise schon unser ganzes Leben. &nbsp; Martin Dientl &#8211; studierte Elektrotechnik und Toningenieur auf der TU Graz und der Kunstuniversit\u00e4t Graz\u00a0 &#8211;\u00a0 Firmeninhaber: MADI.AT &#8211; Eventtechnik Instrumente: Keyboard, Gitarre und Djembe Rosemarie Scherz-Dientl: Maturaabschlu\u00df der HAK Neunkirchen, 10 Jahre Gesangsausbildung in der Musikschule Neunkirchen Instrument: Stimme Wir haben Firmungen, Jugend-Gottesdienste, Taufen, kirchliche und standesamtliche Hochzeiten, Hochzeitstafeln\/partys, B\u00e4lle, Firmenfeiern und vieles mehr schon musikalisch umrahmt. Wir bieten euch professionelle, gef\u00fchlvolle Stimmen, fantastische Musik und eine tolle Atmosph\u00e4re f\u00fcr eure Hochzeit, Feier oder Veranstaltung. WICHTIG ist f\u00fcr uns: QUALIT\u00c4T ZUVERL\u00c4SSIGKEIT PERS\u00d6NLICHER UMGANG MIT UNSEREN KUNDEN\/VERANSTALTER BEGEISTERUNG BEI DER VERANSTALTUNG Hier einige Fotos von uns:<\/p>\n","protected":false},"author":1,"featured_media":307,"parent":0,"menu_order":0,"comment_status":"closed","ping_status":"closed","template":"","meta":{"footnotes":""},"amp_enabled":true,"_links":{"self":[{"href":"https:\/\/www.moonfire.at\/index.php?rest_route=\/wp\/v2\/pages\/20"}],"collection":[{"href":"https:\/\/www.moonfire.at\/index.php?rest_route=\/wp\/v2\/pages"}],"about":[{"href":"https:\/\/www.moonfire.at\/index.php?rest_route=\/wp\/v2\/types\/page"}],"author":[{"embeddable":true,"href":"https:\/\/www.moonfire.at\/index.php?rest_route=\/wp\/v2\/users\/1"}],"replies":[{"embeddable":true,"href":"https:\/\/www.moonfire.at\/index.php?rest_route=%2Fwp%2Fv2%2Fcomments&post=20"}],"version-history":[{"count":21,"href":"https:\/\/www.moonfire.at\/index.php?rest_route=\/wp\/v2\/pages\/20\/revisions"}],"predecessor-version":[{"id":405,"href":"https:\/\/www.moonfire.at\/index.php?rest_route=\/wp\/v2\/pages\/20\/revisions\/405"}],"wp:featuredmedia":[{"embeddable":true,"href":"https:\/\/www.moonfire.at\/index.php?rest_route=\/wp\/v2\/media\/307"}],"wp:attachment":[{"href":"https:\/\/www.moonfire.at\/index.php?rest_route=%2Fwp%2Fv2%2Fmedia&parent=20"}],"curies":[{"name":"wp","href":"https:\/\/api.w.org\/{rel}","templated":true}]}}