{"id":244,"date":"2017-02-02T11:26:47","date_gmt":"2017-02-02T10:26:47","guid":{"rendered":"http:\/\/www.madi.at\/moon3\/?page_id=244"},"modified":"2020-05-22T16:28:07","modified_gmt":"2020-05-22T14:28:07","slug":"eventtechnik-fuer-eure-hochzeit","status":"publish","type":"page","link":"https:\/\/www.moonfire.at\/?page_id=244","title":{"rendered":"EVENTTECHNIK f\u00fcr eure Veranstaltung"},"content":{"rendered":"<h2 style=\"text-align: center;\"><span style=\"text-decoration: underline;\">MADI.AT &#8211; EVENTTECHNIK<\/span><\/h2>\n<p style=\"text-align: center;\">Ben\u00f6tigt ihr technische Unterst\u00fctzung bei eurer Veranstaltung?<\/p>\n<p style=\"text-align: center;\">DI Martin Dientl &#8211; Inhaber der Firma MADI.AT &#8211; Eventtechnik macht\u00b4s m\u00f6glich!<br \/>\nFordert gleich ein unverbindliches Angebot an, wenn ihr Lichtdekoration, Beamer, Leinw\u00e4nde, Fotoboxen\u00a0oder anderes braucht.<br \/>\nDamit eure Veranstaltung den &#8222;WOHLF\u00dcHL-MOMENT&#8220; bekommt &#8211; hier ein paar Fotos:<br \/>\n<a href=\"http:\/\/www.madi.at\/madi_at16\/\">www.madi.at<\/a><\/p>\n<p style=\"text-align: center;\">Hier einige Beispiele:<\/p>\n<p style=\"text-align: center;\">z.B. LICHT-Dekoration vor Ort &#8211; schaffe ein tolles Ambiente, in dem sich deine G\u00e4ste wohlf\u00fchlen &#8211; jegliche Farbeinstellung ist m\u00f6glich, auch ganz ohne l\u00e4stiges Kabel verlegen &#8211; AKKU-Scheinwerfer machen dies m\u00f6glich.<\/p>\n<div id='gallery-1' class='gallery galleryid-244 gallery-columns-3 gallery-size-medium'><figure class='gallery-item'>\n\t\t\t<div class='gallery-icon portrait'>\n\t\t\t\t<a href='https:\/\/www.moonfire.at\/?attachment_id=206'><img width=\"180\" height=\"300\" src=\"https:\/\/www.moonfire.at\/wp-content\/uploads\/2017\/01\/20160611_201343-e1484074664765-180x300.jpg\" class=\"attachment-medium size-medium\" alt=\"\" decoding=\"async\" loading=\"lazy\" srcset=\"https:\/\/www.moonfire.at\/wp-content\/uploads\/2017\/01\/20160611_201343-e1484074664765-180x300.jpg 180w, https:\/\/www.moonfire.at\/wp-content\/uploads\/2017\/01\/20160611_201343-e1484074664765-768x1280.jpg 768w, https:\/\/www.moonfire.at\/wp-content\/uploads\/2017\/01\/20160611_201343-e1484074664765-614x1024.jpg 614w, https:\/\/www.moonfire.at\/wp-content\/uploads\/2017\/01\/20160611_201343-e1484074664765.jpg 1536w\" sizes=\"(max-width: 180px) 100vw, 180px\" \/><\/a>\n\t\t\t<\/div><\/figure><figure class='gallery-item'>\n\t\t\t<div class='gallery-icon portrait'>\n\t\t\t\t<a href='https:\/\/www.moonfire.at\/?attachment_id=246'><img width=\"199\" height=\"300\" src=\"https:\/\/www.moonfire.at\/wp-content\/uploads\/2017\/02\/DSC_7178-e1486030982623-199x300.jpg\" class=\"attachment-medium size-medium\" alt=\"\" decoding=\"async\" loading=\"lazy\" srcset=\"https:\/\/www.moonfire.at\/wp-content\/uploads\/2017\/02\/DSC_7178-e1486030982623-199x300.jpg 199w, https:\/\/www.moonfire.at\/wp-content\/uploads\/2017\/02\/DSC_7178-e1486030982623-768x1160.jpg 768w, https:\/\/www.moonfire.at\/wp-content\/uploads\/2017\/02\/DSC_7178-e1486030982623-678x1024.jpg 678w\" sizes=\"(max-width: 199px) 100vw, 199px\" \/><\/a>\n\t\t\t<\/div><\/figure><figure class='gallery-item'>\n\t\t\t<div class='gallery-icon portrait'>\n\t\t\t\t<a href='https:\/\/www.moonfire.at\/?attachment_id=205'><img width=\"180\" height=\"300\" src=\"https:\/\/www.moonfire.at\/wp-content\/uploads\/2017\/01\/20160611_201312-e1484074641863-180x300.jpg\" class=\"attachment-medium size-medium\" alt=\"\" decoding=\"async\" loading=\"lazy\" srcset=\"https:\/\/www.moonfire.at\/wp-content\/uploads\/2017\/01\/20160611_201312-e1484074641863-180x300.jpg 180w, https:\/\/www.moonfire.at\/wp-content\/uploads\/2017\/01\/20160611_201312-e1484074641863-768x1280.jpg 768w, https:\/\/www.moonfire.at\/wp-content\/uploads\/2017\/01\/20160611_201312-e1484074641863-614x1024.jpg 614w, https:\/\/www.moonfire.at\/wp-content\/uploads\/2017\/01\/20160611_201312-e1484074641863.jpg 1536w\" sizes=\"(max-width: 180px) 100vw, 180px\" \/><\/a>\n\t\t\t<\/div><\/figure><figure class='gallery-item'>\n\t\t\t<div class='gallery-icon landscape'>\n\t\t\t\t<a href='https:\/\/www.moonfire.at\/?attachment_id=213'><img width=\"300\" height=\"224\" src=\"https:\/\/www.moonfire.at\/wp-content\/uploads\/2017\/01\/Dekofarbe-2-300x224.png\" class=\"attachment-medium size-medium\" alt=\"\" decoding=\"async\" loading=\"lazy\" srcset=\"https:\/\/www.moonfire.at\/wp-content\/uploads\/2017\/01\/Dekofarbe-2-300x224.png 300w, https:\/\/www.moonfire.at\/wp-content\/uploads\/2017\/01\/Dekofarbe-2-768x574.png 768w, https:\/\/www.moonfire.at\/wp-content\/uploads\/2017\/01\/Dekofarbe-2-1024x765.png 1024w, https:\/\/www.moonfire.at\/wp-content\/uploads\/2017\/01\/Dekofarbe-2.png 1296w\" sizes=\"(max-width: 300px) 100vw, 300px\" \/><\/a>\n\t\t\t<\/div><\/figure><figure class='gallery-item'>\n\t\t\t<div class='gallery-icon landscape'>\n\t\t\t\t<a href='https:\/\/www.moonfire.at\/?attachment_id=215'><img width=\"300\" height=\"225\" src=\"https:\/\/www.moonfire.at\/wp-content\/uploads\/2017\/01\/DSCN0951-300x225.jpg\" class=\"attachment-medium size-medium\" alt=\"\" decoding=\"async\" loading=\"lazy\" srcset=\"https:\/\/www.moonfire.at\/wp-content\/uploads\/2017\/01\/DSCN0951-300x225.jpg 300w, https:\/\/www.moonfire.at\/wp-content\/uploads\/2017\/01\/DSCN0951-768x576.jpg 768w, https:\/\/www.moonfire.at\/wp-content\/uploads\/2017\/01\/DSCN0951-1024x768.jpg 1024w, https:\/\/www.moonfire.at\/wp-content\/uploads\/2017\/01\/DSCN0951.jpg 2048w\" sizes=\"(max-width: 300px) 100vw, 300px\" \/><\/a>\n\t\t\t<\/div><\/figure><figure class='gallery-item'>\n\t\t\t<div class='gallery-icon landscape'>\n\t\t\t\t<a href='https:\/\/www.moonfire.at\/?attachment_id=214'><img width=\"300\" height=\"225\" src=\"https:\/\/www.moonfire.at\/wp-content\/uploads\/2017\/01\/Deko-Licht-10.10.-Gloggnitz-4-300x225.jpg\" class=\"attachment-medium size-medium\" alt=\"\" decoding=\"async\" loading=\"lazy\" srcset=\"https:\/\/www.moonfire.at\/wp-content\/uploads\/2017\/01\/Deko-Licht-10.10.-Gloggnitz-4-300x225.jpg 300w, https:\/\/www.moonfire.at\/wp-content\/uploads\/2017\/01\/Deko-Licht-10.10.-Gloggnitz-4-768x576.jpg 768w, https:\/\/www.moonfire.at\/wp-content\/uploads\/2017\/01\/Deko-Licht-10.10.-Gloggnitz-4-1024x768.jpg 1024w, https:\/\/www.moonfire.at\/wp-content\/uploads\/2017\/01\/Deko-Licht-10.10.-Gloggnitz-4.jpg 1280w\" sizes=\"(max-width: 300px) 100vw, 300px\" \/><\/a>\n\t\t\t<\/div><\/figure><figure class='gallery-item'>\n\t\t\t<div class='gallery-icon portrait'>\n\t\t\t\t<a href='https:\/\/www.moonfire.at\/?attachment_id=168'><img width=\"199\" height=\"300\" src=\"https:\/\/www.moonfire.at\/wp-content\/uploads\/2017\/01\/DSC_8368_mittel-199x300.jpg\" class=\"attachment-medium size-medium\" alt=\"\" decoding=\"async\" loading=\"lazy\" srcset=\"https:\/\/www.moonfire.at\/wp-content\/uploads\/2017\/01\/DSC_8368_mittel-199x300.jpg 199w, https:\/\/www.moonfire.at\/wp-content\/uploads\/2017\/01\/DSC_8368_mittel-768x1160.jpg 768w, https:\/\/www.moonfire.at\/wp-content\/uploads\/2017\/01\/DSC_8368_mittel-678x1024.jpg 678w, https:\/\/www.moonfire.at\/wp-content\/uploads\/2017\/01\/DSC_8368_mittel.jpg 1024w\" sizes=\"(max-width: 199px) 100vw, 199px\" \/><\/a>\n\t\t\t<\/div><\/figure><figure class='gallery-item'>\n\t\t\t<div class='gallery-icon landscape'>\n\t\t\t\t<a href='https:\/\/www.moonfire.at\/?attachment_id=220'><img width=\"300\" height=\"225\" src=\"https:\/\/www.moonfire.at\/wp-content\/uploads\/2017\/01\/Deko-300x225.jpg\" class=\"attachment-medium size-medium\" alt=\"\" decoding=\"async\" loading=\"lazy\" srcset=\"https:\/\/www.moonfire.at\/wp-content\/uploads\/2017\/01\/Deko-300x225.jpg 300w, https:\/\/www.moonfire.at\/wp-content\/uploads\/2017\/01\/Deko-768x576.jpg 768w, https:\/\/www.moonfire.at\/wp-content\/uploads\/2017\/01\/Deko.jpg 960w\" sizes=\"(max-width: 300px) 100vw, 300px\" \/><\/a>\n\t\t\t<\/div><\/figure><figure class='gallery-item'>\n\t\t\t<div class='gallery-icon landscape'>\n\t\t\t\t<a href='https:\/\/www.moonfire.at\/?attachment_id=245'><img width=\"300\" height=\"180\" src=\"https:\/\/www.moonfire.at\/wp-content\/uploads\/2017\/02\/1.8.2015-Weiss-Andrea-Hochzeit-3-300x180.jpg\" class=\"attachment-medium size-medium\" alt=\"\" decoding=\"async\" loading=\"lazy\" srcset=\"https:\/\/www.moonfire.at\/wp-content\/uploads\/2017\/02\/1.8.2015-Weiss-Andrea-Hochzeit-3-300x180.jpg 300w, https:\/\/www.moonfire.at\/wp-content\/uploads\/2017\/02\/1.8.2015-Weiss-Andrea-Hochzeit-3-768x461.jpg 768w, https:\/\/www.moonfire.at\/wp-content\/uploads\/2017\/02\/1.8.2015-Weiss-Andrea-Hochzeit-3-1024x614.jpg 1024w\" sizes=\"(max-width: 300px) 100vw, 300px\" \/><\/a>\n\t\t\t<\/div><\/figure><figure class='gallery-item'>\n\t\t\t<div class='gallery-icon landscape'>\n\t\t\t\t<a href='https:\/\/www.moonfire.at\/?attachment_id=216'><img width=\"300\" height=\"180\" src=\"https:\/\/www.moonfire.at\/wp-content\/uploads\/2017\/01\/20160611_201357-300x180.jpg\" class=\"attachment-medium size-medium\" alt=\"\" decoding=\"async\" loading=\"lazy\" srcset=\"https:\/\/www.moonfire.at\/wp-content\/uploads\/2017\/01\/20160611_201357-300x180.jpg 300w, https:\/\/www.moonfire.at\/wp-content\/uploads\/2017\/01\/20160611_201357-768x461.jpg 768w, https:\/\/www.moonfire.at\/wp-content\/uploads\/2017\/01\/20160611_201357-1024x614.jpg 1024w\" sizes=\"(max-width: 300px) 100vw, 300px\" \/><\/a>\n\t\t\t<\/div><\/figure><figure class='gallery-item'>\n\t\t\t<div class='gallery-icon landscape'>\n\t\t\t\t<a href='https:\/\/www.moonfire.at\/?attachment_id=166'><img width=\"300\" height=\"199\" src=\"https:\/\/www.moonfire.at\/wp-content\/uploads\/2017\/01\/DSC_8408_mittel-300x199.jpg\" class=\"attachment-medium size-medium\" alt=\"\" decoding=\"async\" loading=\"lazy\" srcset=\"https:\/\/www.moonfire.at\/wp-content\/uploads\/2017\/01\/DSC_8408_mittel-300x199.jpg 300w, https:\/\/www.moonfire.at\/wp-content\/uploads\/2017\/01\/DSC_8408_mittel-768x509.jpg 768w, https:\/\/www.moonfire.at\/wp-content\/uploads\/2017\/01\/DSC_8408_mittel.jpg 1024w\" sizes=\"(max-width: 300px) 100vw, 300px\" \/><\/a>\n\t\t\t<\/div><\/figure>\n\t\t<\/div>\n\n","protected":false},"excerpt":{"rendered":"<p>MADI.AT &#8211; EVENTTECHNIK Ben\u00f6tigt ihr technische Unterst\u00fctzung bei eurer Veranstaltung? DI Martin Dientl &#8211; Inhaber der Firma MADI.AT &#8211; Eventtechnik macht\u00b4s m\u00f6glich! Fordert gleich ein unverbindliches Angebot an, wenn ihr Lichtdekoration, Beamer, Leinw\u00e4nde, Fotoboxen\u00a0oder anderes braucht. Damit eure Veranstaltung den &#8222;WOHLF\u00dcHL-MOMENT&#8220; bekommt &#8211; hier ein paar Fotos: www.madi.at Hier einige Beispiele: z.B. LICHT-Dekoration vor Ort &#8211; schaffe ein tolles Ambiente, in dem sich deine G\u00e4ste wohlf\u00fchlen &#8211; jegliche Farbeinstellung ist m\u00f6glich, auch ganz ohne l\u00e4stiges Kabel verlegen &#8211; AKKU-Scheinwerfer machen dies m\u00f6glich.<\/p>\n","protected":false},"author":1,"featured_media":0,"parent":0,"menu_order":0,"comment_status":"closed","ping_status":"closed","template":"","meta":{"footnotes":""},"amp_enabled":true,"_links":{"self":[{"href":"https:\/\/www.moonfire.at\/index.php?rest_route=\/wp\/v2\/pages\/244"}],"collection":[{"href":"https:\/\/www.moonfire.at\/index.php?rest_route=\/wp\/v2\/pages"}],"about":[{"href":"https:\/\/www.moonfire.at\/index.php?rest_route=\/wp\/v2\/types\/page"}],"author":[{"embeddable":true,"href":"https:\/\/www.moonfire.at\/index.php?rest_route=\/wp\/v2\/users\/1"}],"replies":[{"embeddable":true,"href":"https:\/\/www.moonfire.at\/index.php?rest_route=%2Fwp%2Fv2%2Fcomments&post=244"}],"version-history":[{"count":8,"href":"https:\/\/www.moonfire.at\/index.php?rest_route=\/wp\/v2\/pages\/244\/revisions"}],"predecessor-version":[{"id":384,"href":"https:\/\/www.moonfire.at\/index.php?rest_route=\/wp\/v2\/pages\/244\/revisions\/384"}],"wp:attachment":[{"href":"https:\/\/www.moonfire.at\/index.php?rest_route=%2Fwp%2Fv2%2Fmedia&parent=244"}],"curies":[{"name":"wp","href":"https:\/\/api.w.org\/{rel}","templated":true}]}}